{"id":20,"date":"2024-03-25T18:18:55","date_gmt":"2024-03-25T21:18:55","guid":{"rendered":"https:\/\/festasonline.com.br\/?page_id=20"},"modified":"2024-03-25T19:05:47","modified_gmt":"2024-03-25T22:05:47","slug":"sobre","status":"publish","type":"page","link":"https:\/\/festasonline.com.br\/index.php\/sobre\/","title":{"rendered":"Sobre"},"content":{"rendered":"\n<p class=\"has-text-align-center\"><img loading=\"lazy\" decoding=\"async\" width=\"320\" height=\"129\" class=\"wp-image-13\" style=\"width: 150px;\" src=\"https:\/\/festasonline.com.br\/wp-content\/uploads\/2024\/03\/RGB_festas_logo_1000x500_2021.jpg\" alt=\"\" srcset=\"https:\/\/festasonline.com.br\/wp-content\/uploads\/2024\/03\/RGB_festas_logo_1000x500_2021.jpg 320w, https:\/\/festasonline.com.br\/wp-content\/uploads\/2024\/03\/RGB_festas_logo_1000x500_2021-300x121.jpg 300w\" sizes=\"(max-width: 320px) 100vw, 320px\" \/><\/p>\n\n\n\n<h2 class=\"wp-block-heading\"><strong>Artigos para Decora\u00e7\u00e3o de Festas e Embalagens direto da 25 de Mar\u00e7o<\/strong>.<\/h2>\n\n\n\n<p class=\"has-text-align-left\"><strong>Bem-vindo ao Festas da 25, site especialista em artigos para festas, onde transformamos suas comemora\u00e7\u00f5es em momentos inesquec\u00edveis! Seja para\u00a0<a href=\"https:\/\/www.festasda25.com.br\/festa-infantil\" target=\"_blank\" rel=\"noreferrer noopener\">festa infantil<\/a>\u00a0ou\u00a0<a href=\"https:\/\/www.festasda25.com.br\/festas-tematicas\" target=\"_blank\" rel=\"noreferrer noopener\">festa tem\u00e1tica<\/a>\u00a0para adultos, temos tudo o que voc\u00ea precisa para tornar cada ocasi\u00e3o especial.<\/strong><\/p>\n\n\n\n<p><\/p>\n","protected":false},"excerpt":{"rendered":"<p>Artigos para Decora\u00e7\u00e3o de Festas e Embalagens direto da 25 de Mar\u00e7o. Bem-vindo ao Festas da 25, site especialista em artigos para festas, onde transformamos suas comemora\u00e7\u00f5es em momentos inesquec\u00edveis! Seja para\u00a0festa infantil\u00a0ou\u00a0festa tem\u00e1tica\u00a0para adultos, temos tudo o que voc\u00ea precisa para tornar cada ocasi\u00e3o especial.<\/p>\n","protected":false},"author":1,"featured_media":0,"parent":0,"menu_order":0,"comment_status":"closed","ping_status":"closed","template":"","meta":{"_monsterinsights_skip_tracking":false,"_monsterinsights_sitenote_active":false,"_monsterinsights_sitenote_note":"","_monsterinsights_sitenote_category":0,"footnotes":""},"aioseo_notices":[],"_links":{"self":[{"href":"https:\/\/festasonline.com.br\/index.php\/wp-json\/wp\/v2\/pages\/20"}],"collection":[{"href":"https:\/\/festasonline.com.br\/index.php\/wp-json\/wp\/v2\/pages"}],"about":[{"href":"https:\/\/festasonline.com.br\/index.php\/wp-json\/wp\/v2\/types\/page"}],"author":[{"embeddable":true,"href":"https:\/\/festasonline.com.br\/index.php\/wp-json\/wp\/v2\/users\/1"}],"replies":[{"embeddable":true,"href":"https:\/\/festasonline.com.br\/index.php\/wp-json\/wp\/v2\/comments?post=20"}],"version-history":[{"count":2,"href":"https:\/\/festasonline.com.br\/index.php\/wp-json\/wp\/v2\/pages\/20\/revisions"}],"predecessor-version":[{"id":39,"href":"https:\/\/festasonline.com.br\/index.php\/wp-json\/wp\/v2\/pages\/20\/revisions\/39"}],"wp:attachment":[{"href":"https:\/\/festasonline.com.br\/index.php\/wp-json\/wp\/v2\/media?parent=20"}],"curies":[{"name":"wp","href":"https:\/\/api.w.org\/{rel}","templated":true}]}}